{"id":33,"date":"2025-08-07T20:23:37","date_gmt":"2025-08-07T18:23:37","guid":{"rendered":"https:\/\/capywebmedia.pl\/?page_id=33"},"modified":"2025-08-08T00:35:57","modified_gmt":"2025-08-07T22:35:57","slug":"coming-soon","status":"publish","type":"page","link":"https:\/\/capywebmedia.pl\/","title":{"rendered":"Coming soon"},"content":{"rendered":"\t\t<div data-elementor-type=\"wp-page\" data-elementor-id=\"33\" class=\"elementor elementor-33\">\n\t\t\t\t<div class=\"elementor-element elementor-element-054a910 e-flex e-con-boxed e-con e-parent\" data-id=\"054a910\" data-element_type=\"container\">\n\t\t\t\t\t<div class=\"e-con-inner\">\n\t\t<div class=\"elementor-element elementor-element-75bd427 e-grid e-con-full e-con e-child\" data-id=\"75bd427\" data-element_type=\"container\">\n\t\t<div class=\"elementor-element elementor-element-a663eff e-flex e-con-boxed e-con e-child\" data-id=\"a663eff\" data-element_type=\"container\">\n\t\t\t\t\t<div class=\"e-con-inner\">\n\t\t\t\t<div class=\"elementor-element elementor-element-b8901d8 elementor-widget elementor-widget-image\" data-id=\"b8901d8\" data-element_type=\"widget\" data-widget_type=\"image.default\">\n\t\t\t\t\t\t\t\t\t\t\t\t\t\t\t<img fetchpriority=\"high\" decoding=\"async\" width=\"500\" height=\"500\" src=\"https:\/\/capywebmedia.pl\/wp-content\/uploads\/2025\/08\/Capy-logo-2.png\" class=\"elementor-animation-grow attachment-large size-large wp-image-86\" alt=\"\" srcset=\"https:\/\/capywebmedia.pl\/wp-content\/uploads\/2025\/08\/Capy-logo-2.png 500w, https:\/\/capywebmedia.pl\/wp-content\/uploads\/2025\/08\/Capy-logo-2-300x300.png 300w, https:\/\/capywebmedia.pl\/wp-content\/uploads\/2025\/08\/Capy-logo-2-150x150.png 150w\" sizes=\"(max-width: 500px) 100vw, 500px\" \/>\t\t\t\t\t\t\t\t\t\t\t\t\t\t\t<\/div>\n\t\t\t\t\t<\/div>\n\t\t\t\t<\/div>\n\t\t<div class=\"elementor-element elementor-element-a4d884c e-flex e-con-boxed e-con e-child\" data-id=\"a4d884c\" data-element_type=\"container\">\n\t\t\t\t\t<div class=\"e-con-inner\">\n\t\t\t\t<div class=\"elementor-element elementor-element-292161d animated-slow elementor-invisible elementor-widget elementor-widget-heading\" data-id=\"292161d\" data-element_type=\"widget\" data-settings=\"{&quot;_animation&quot;:&quot;slideInRight&quot;}\" data-widget_type=\"heading.default\">\n\t\t\t\t\t<h2 class=\"elementor-heading-title elementor-size-default\">Pracujemy nad czym\u015b naprawd\u0119 fajnym \u2728<\/h2>\t\t\t\t<\/div>\n\t\t\t\t<div class=\"elementor-element elementor-element-1c883d2 animated-slow elementor-invisible elementor-widget elementor-widget-text-editor\" data-id=\"1c883d2\" data-element_type=\"widget\" data-settings=\"{&quot;_animation&quot;:&quot;slideInRight&quot;,&quot;_animation_delay&quot;:600}\" data-widget_type=\"text-editor.default\">\n\t\t\t\t\t\t\t\t\t<p>Jeste\u015bmy w trakcie tworzenia naszej nowej strony internetowej. Wkr\u00f3tce poka\u017cemy pe\u0142ne portfolio, ofert\u0119 i wszystko, co robimy najlepiej: social media, strony www i kampanie reklamowe.<\/p><p>Nie chcesz czeka\u0107? Skontaktuj si\u0119 z nami ju\u017c teraz!<\/p>\t\t\t\t\t\t\t\t<\/div>\n\t\t\t\t<div class=\"elementor-element elementor-element-6299307 elementor-align-right animated-slow elementor-invisible elementor-widget elementor-widget-button\" data-id=\"6299307\" data-element_type=\"widget\" data-settings=\"{&quot;_animation&quot;:&quot;slideInRight&quot;,&quot;_animation_delay&quot;:900}\" data-widget_type=\"button.default\">\n\t\t\t\t\t\t\t\t\t\t<a class=\"elementor-button elementor-button-link elementor-size-sm\" href=\"mailto:kontakt@capywebmedia.pl\" target=\"_blank\">\n\t\t\t\t\t\t<span class=\"elementor-button-content-wrapper\">\n\t\t\t\t\t\t\t\t\t<span class=\"elementor-button-text\">NAPISZ DO NAS<\/span>\n\t\t\t\t\t<\/span>\n\t\t\t\t\t<\/a>\n\t\t\t\t\t\t\t\t<\/div>\n\t\t\t\t\t<\/div>\n\t\t\t\t<\/div>\n\t\t\t\t<\/div>\n\t\t\t\t\t<\/div>\n\t\t\t\t<\/div>\n\t\t\t\t<\/div>\n\t\t","protected":false},"excerpt":{"rendered":"<p>Pracujemy nad czym\u015b naprawd\u0119 fajnym \u2728 Jeste\u015bmy w trakcie tworzenia naszej nowej strony internetowej. Wkr\u00f3tce poka\u017cemy pe\u0142ne portfolio, ofert\u0119 i wszystko, co robimy najlepiej: social media, strony www i kampanie reklamowe. Nie chcesz czeka\u0107? Skontaktuj si\u0119 z nami ju\u017c teraz! NAPISZ DO NAS<\/p>\n","protected":false},"author":1,"featured_media":0,"parent":0,"menu_order":0,"comment_status":"closed","ping_status":"closed","template":"","meta":{"footnotes":""},"class_list":["post-33","page","type-page","status-publish","hentry"],"_links":{"self":[{"href":"https:\/\/capywebmedia.pl\/index.php\/wp-json\/wp\/v2\/pages\/33","targetHints":{"allow":["GET"]}}],"collection":[{"href":"https:\/\/capywebmedia.pl\/index.php\/wp-json\/wp\/v2\/pages"}],"about":[{"href":"https:\/\/capywebmedia.pl\/index.php\/wp-json\/wp\/v2\/types\/page"}],"author":[{"embeddable":true,"href":"https:\/\/capywebmedia.pl\/index.php\/wp-json\/wp\/v2\/users\/1"}],"replies":[{"embeddable":true,"href":"https:\/\/capywebmedia.pl\/index.php\/wp-json\/wp\/v2\/comments?post=33"}],"version-history":[{"count":73,"href":"https:\/\/capywebmedia.pl\/index.php\/wp-json\/wp\/v2\/pages\/33\/revisions"}],"predecessor-version":[{"id":229,"href":"https:\/\/capywebmedia.pl\/index.php\/wp-json\/wp\/v2\/pages\/33\/revisions\/229"}],"wp:attachment":[{"href":"https:\/\/capywebmedia.pl\/index.php\/wp-json\/wp\/v2\/media?parent=33"}],"curies":[{"name":"wp","href":"https:\/\/api.w.org\/{rel}","templated":true}]}}